{"id":20542,"date":"2022-01-07T08:42:55","date_gmt":"2022-01-07T08:42:55","guid":{"rendered":"https:\/\/venica.it\/bottega-venica\/"},"modified":"2025-12-04T10:35:04","modified_gmt":"2025-12-04T09:35:04","slug":"bottega-venica","status":"publish","type":"page","link":"https:\/\/venica.it\/de\/bottega-venica\/","title":{"rendered":"Bottega Venica"},"content":{"rendered":"<h1>Bottega Venica<\/h1>\n<h1>Antworten auf h\u00e4ufig gestellte Fragen<\/h1>\n<ul>\n<li>\n<h3>Wie sind die <strong>\u00d6ffnungszeiten<\/strong> des Ladens?<\/h3>\n<div>\n<p><span>Unser Verkaufsladen ist von Montag bis Samstag von 9.30 bis 18 Uhr ge\u00f6ffnet, ausgenommen im Januar, wo wir zus\u00e4tzlich auch am Samstag geschlossen bleiben.<\/span><\/p>\n<\/div>\n<\/li>\n<li>\n<h3>Kann ich Venica&Venica-<strong>Weine in Ihrem Gesch\u00e4ft kaufen<\/strong>?<\/h3>\n<div>\n<p>Selbstverst\u00e4ndlich k\u00f6nnen alle unsere Weine auch zum Mitnehmen erworben werden. Die Bottega ist keine Weinverkostungsst\u00e4tte; es ist nicht m\u00f6glich, die Weine vor Ort zu konsumieren. Es besteht die M\u00f6glichkeit, eine gef\u00fchrte Verkostung zu buchen.<\/p>\n<\/div>\n<\/li>\n<li>\n<h3>Kann ich kommen und Ihre <strong>Weine probieren<\/strong>?<\/h3>\n<div>\n<p>Ja, nat\u00fcrlich! Die Verkostungen m\u00fcssen reserviert werden und k\u00f6nnen mit einem Besuch des Weinkellers kombiniert werden.<\/p>\n<\/div>\n<\/li>\n<li>\n<h3>Bieten Sie einen Servier- <strong>und\/oder Catering-Service<\/strong> an?<\/h3>\n<div>\n<p>Leider k\u00f6nnen wir keinen Catering-Service oder Weinkonsum vor Ort anbieten. Der Laden ist nur ein Ort, an dem Flaschenweine verkauft werden.<\/p>\n<\/div>\n<\/li>\n<li>\n<h3>Wie sind die <strong>Zahlungsmodalit\u00e4ten<\/strong>?<\/h3>\n<div>\n<p>Es ist m\u00f6glich, mit Bargeld, Debitkarte oder Kreditkarte zu bezahlen.<\/p>\n<\/div>\n<\/li>\n<li>\n<h3>Versenden Sie Weine <strong>nach Hause<\/strong>?<\/h3>\n<div>\n<p>Selbstverst\u00e4ndlich kann der Versand auch telefonisch unter der Nummer (+39) 0481 61264 vereinbart werden.<\/p>\n<\/div>\n<\/li>\n<li>\n<h3>Haben Sie <strong>gro\u00dfformatige Flaschen<\/strong>?<\/h3>\n<div>\n<p>Nat\u00fcrlich werden einige unserer Weine auch in Magnum- (1,5 l), 3 l- und 5 l-Flaschen abgef\u00fcllt.<\/p>\n<p>Es ist auch m\u00f6glich, sie \u00fcber diese Website zu kaufen: <a href=\"https:\/\/venica.it\/negozio\/\">www.venica.it\/de\/shop\u00a0<\/a><\/p>\n<\/div>\n<\/li>\n<li>\n<h3>Stellen Sie spezielle Flaschen mit <strong>individuellen Verzierungen<\/strong> her?<\/h3>\n<div>\n<p>Ja, wir engagieren einen lokalen K\u00fcnstler, der spezielle gro\u00dfformatige Flaschen von Hand dekoriert. Dies k\u00f6nnen einfache Texte oder komplexe Designs auf Anfrage sein.<\/p>\n<p>F\u00fcr weitere Informationen: (+39) 0481 61264<\/p>\n<\/div>\n<\/li>\n<\/ul>\n<p><!--more--><br \/>\n<!-- {\"name\":\"BOTTEGA VENICA\",\"type\":\"layout\",\"children\":[{\"type\":\"section\",\"props\":{\"header_transparent\":true,\"header_transparent_noplaceholder\":true,\"header_transparent_text_color\":\"light\",\"image\":\"wp-content\\\/uploads\\\/2022\\\/02\\\/Risorsa-7-2-copia-01.svg\",\"image_position\":\"center-center\",\"padding\":\"none\",\"style\":\"default\",\"title_breakpoint\":\"xl\",\"title_position\":\"top-left\",\"title_rotation\":\"left\",\"vertical_align\":\"\",\"width\":\"large\"},\"children\":[{\"type\":\"row\",\"children\":[{\"type\":\"column\",\"props\":{\"css\":\".el-column{\\n    min-height: 40vh!important;\\n    max-height: 41vh;\\n    margin-top: 10px!important;\\n    \\n}\\n.uk-position-cover, img, .uk-tile{\\n    border-radius: 0 0 2px 2px!important;\\n    box-shadow: 0px 0px 20px #1b1b1b20;\\n    \\n}\\n.uk-tile{\\n    border: solid 1px white;\\n}\\n\\n.uk-background-top-center {\\n    background-position: 50% 30%;\\n}\\n\\n@media (max-width:960px){\\n    .uk-tile.uk-width-1-1.uk-padding-remove.uk-flex.uk-flex-middle.uk-flex.uk-background-norepeat.uk-background-cover.uk-background-top-center{\\n        max-height: 30vh!important;\\n    }\\n    .el-column{\\n        min-height: 30vh!important;\\n    }\\n}\",\"image\":\"wp-content\\\/uploads\\\/2022\\\/06\\\/DSC_3910.jpg\",\"image_position\":\"top-center\",\"image_size\":\"cover\",\"media_overlay_gradient\":\"linear-gradient(180deg, rgba(27,27,27, 1) 0%, rgba(27,27,27, 0.2) 120%);\",\"padding\":\"none\",\"position_sticky_breakpoint\":\"m\",\"style\":\"tile-default\",\"text_color\":\"light\",\"vertical_align\":\"middle\"},\"children\":[{\"type\":\"headline\",\"props\":{\"content\":\"Bottega Venica\",\"css\":\".el-element{\\n   text-shadow: 0px 0px 10px #1b1b1b50;\\n}\\n\\n@media (max-width: 960px){\\n    .el-element{\\n   \\t\\ttop: 0px!important;\\n    }\\n}\",\"position\":\"relative\",\"position_top\":\"50\",\"text_align\":\"center\",\"title_element\":\"h1\",\"title_font_family\":\"tertiary\",\"title_style\":\"heading-large\"}}]}],\"props\":{\"width\":\"large\"}}],\"name\":\"Header Sostenibilit\\u00e0\"},{\"type\":\"section\",\"props\":{\"css\":\".el-title.uk-accordion-title:before{\\n    background-image: \\turl(https:\\\/\\\/venica.it\\\/wp-content\\\/uploads\\\/2022\\\/05\\\/Venica_piu.svg);\\n    background-repeat: no-repeat;\\n    background-position: 50% 50%;\\n     transition: all .3s ease;\\n    transform: scale(0.6);\\n    \\n}\\n.el-item.uk-open .el-title.uk-accordion-title:before{\\n     background-image: url(https:\\\/\\\/venica.it\\\/wp-content\\\/uploads\\\/2022\\\/05\\\/Venica_meno.svg);\\n    background-repeat: no-repeat;\\n    background-position: 50% 50%;\\n    transition: all .3s ease;\\n}\\n\\n.el-item, .el-item.uk-open{\\n    padding: 20px;\\n     background: rgba(255, 255, 255, 0)!important;\\n    box-shadow: -15px -15px 20px rgb(255 255 255 \\\/ 80%), 15px 15px 20px rgb(57 65 124 \\\/ 8%);\\n    border: solid 1px white;\\n    backdrop-filter: blur( 5px )!important;\\n    border-radius: 2px;\\n    transition: all .2s ease;\\n}\",\"image\":\"wp-content\\\/uploads\\\/2022\\\/06\\\/Header_2_OKVeniEveni.svg\",\"image_position\":\"center-center\",\"image_size\":\"cover\",\"media_background\":\"#FFFFFF\",\"media_blend_mode\":\"luminosity\",\"media_overlay\":\"rgba(255, 255, 255, 0.83)\",\"style\":\"default\",\"title_breakpoint\":\"xl\",\"title_position\":\"top-left\",\"title_rotation\":\"left\",\"vertical_align\":\"\",\"width\":\"\"},\"children\":[{\"type\":\"row\",\"children\":[{\"type\":\"column\",\"props\":{\"image_position\":\"center-left\",\"image_size\":\"contain\",\"media_blend_mode\":\"luminosity\",\"media_overlay\":\"rgba(255, 255, 255, 0.61)\",\"position_sticky_breakpoint\":\"m\"},\"children\":[{\"type\":\"headline\",\"props\":{\"content\":\"Antworten auf h\\u00e4ufig gestellte Fragen\",\"text_align\":\"center\",\"title_element\":\"h1\",\"title_font_family\":\"tertiary\",\"title_style\":\"heading-small\"}},{\"type\":\"accordion\",\"props\":{\"collapsible\":true,\"content_column_breakpoint\":\"m\",\"css\":\".el-element{\\n    margin: auto;\\n    width: 60%;\\n}\\n\\n.uk-accordion-title::before;{\\n    content: \\\"\\\";\\n    width: 1.4em;\\n    height: 1.4em;\\n    margin-left: 10px;\\n    float: right;\\n    background-image: url(data:image\\\/svg+xml;charset=UTF-8,%3Csvg%20width%3D%2213%22%20height%3D%2213%22%20viewBox%3D%220%200%2013%2013%22%20xmlns%3D%22http%3A%2F%2Fwww.w3.org%2F2000%2Fsvg%22%3E%0A%20%20%20%20%3Crect%20fill%3D%22%23FE6141%22%20width%3D%2213%22%20height%3D%221%22%20x%3D%220%22%20y%3D%226%22%20%2F%3E%0A%20%20%20%20%3Crect%20fill%3D%22%23FE6141%22%20width%3D%221%22%20height%3D%2213%22%20x%3D%226%22%20y%3D%220%22%20%2F%3E%0A%3C%2Fsvg%3E);\\n    background-repeat: no-repeat;\\n    background-position: 50% 50%;\\n}\",\"image_align\":\"top\",\"image_grid_breakpoint\":\"m\",\"image_grid_width\":\"1-2\",\"image_svg_color\":\"success\",\"image_svg_inline\":true,\"link_style\":\"default\",\"link_text\":\"Read more\",\"multiple\":true,\"show_image\":true,\"show_link\":true,\"text_align\":\"left\"},\"children\":[{\"type\":\"accordion_item\",\"props\":{\"content\":\"\n\n<p><span>Unser Verkaufsladen ist von Montag bis Samstag von 9.30 bis 18 Uhr ge\\u00f6ffnet, ausgenommen im Januar, wo wir zus\\u00e4tzlich auch am Samstag geschlossen bleiben.<\\\/span><\\\/p>\",\"title\":\"Wie sind die <strong>\\u00d6ffnungszeiten<\\\/strong> des Ladens?\"}},{\"type\":\"accordion_item\",\"props\":{\"content\":\"\n\n<p>Selbstverst\\u00e4ndlich k\\u00f6nnen alle unsere Weine auch zum Mitnehmen erworben werden. Die Bottega ist keine Weinverkostungsst\\u00e4tte; es ist nicht m\\u00f6glich, die Weine vor Ort zu konsumieren. Es besteht die M\\u00f6glichkeit, eine gef\\u00fchrte Verkostung zu buchen.<\\\/p>\",\"title\":\"Kann ich Venica&Venica-<strong>Weine in Ihrem Gesch\\u00e4ft kaufen<\\\/strong>?\"}},{\"type\":\"accordion_item\",\"props\":{\"content\":\"\n\n<p>Ja, nat\\u00fcrlich! Die Verkostungen m\\u00fcssen reserviert werden und k\\u00f6nnen mit einem Besuch des Weinkellers kombiniert werden.<\\\/p>\",\"title\":\"Kann ich kommen und Ihre <strong>Weine probieren<\\\/strong>?\"}},{\"type\":\"accordion_item\",\"props\":{\"content\":\"\n\n<p>Leider k\\u00f6nnen wir keinen Catering-Service oder Weinkonsum vor Ort anbieten. Der Laden ist nur ein Ort, an dem Flaschenweine verkauft werden.<\\\/p>\",\"title\":\"Bieten Sie einen Servier- <strong>und\\\/oder Catering-Service<\\\/strong> an?\"}},{\"type\":\"accordion_item\",\"props\":{\"content\":\"\n\n<p>Es ist m\\u00f6glich, mit Bargeld, Debitkarte oder Kreditkarte zu bezahlen.<\\\/p>\",\"title\":\"Wie sind die <strong>Zahlungsmodalit\\u00e4ten<\\\/strong>?\"}},{\"type\":\"accordion_item\",\"props\":{\"content\":\"\n\n<p>Selbstverst\\u00e4ndlich kann der Versand auch telefonisch unter der Nummer (+39) 0481 61264 vereinbart werden.<\\\/p>\",\"title\":\"Versenden Sie Weine <strong>nach Hause<\\\/strong>?\"}},{\"type\":\"accordion_item\",\"props\":{\"content\":\"\n\n<p>Nat\\u00fcrlich werden einige unserer Weine auch in Magnum- (1,5 l), 3 l- und 5 l-Flaschen abgef\\u00fcllt.<\\\/p>\\n\n\n<p>Es ist auch m\\u00f6glich, sie \\u00fcber diese Website zu kaufen: <a href=\\\"https:\\\/\\\/venica.it\\\/negozio\\\/\\\">www.venica.it\\\/de\\\/shop\\u00a0<\\\/a><\\\/p>\",\"title\":\"Haben Sie <strong>gro\\u00dfformatige Flaschen<\\\/strong>?\"}},{\"type\":\"accordion_item\",\"props\":{\"content\":\"\n\n<p>Ja, wir engagieren einen lokalen K\\u00fcnstler, der spezielle gro\\u00dfformatige Flaschen von Hand dekoriert. Dies k\\u00f6nnen einfache Texte oder komplexe Designs auf Anfrage sein.<\\\/p>\\n\n\n<p>F\\u00fcr weitere Informationen: (+39) 0481 61264<\\\/p>\",\"title\":\"Stellen Sie spezielle Flaschen mit <strong>individuellen Verzierungen<\\\/strong> her?\"}}]}]}],\"props\":{\"width\":\"default\"}}]}],\"version\":\"4.5.32\",\"yooessentialsVersion\":\"2.4.11\"} --><\/p>\n","protected":false},"excerpt":{"rendered":"<p>Bottega Venica Antworten auf h\u00e4ufig gestellte Fragen Wie sind die \u00d6ffnungszeiten des Ladens? Unser Verkaufsladen ist von Montag bis Samstag von 9.30 bis 18 Uhr ge\u00f6ffnet, ausgenommen im Januar, wo wir zus\u00e4tzlich auch am Samstag geschlossen bleiben. Kann ich Venica&#038;Venica-Weine in Ihrem Gesch\u00e4ft kaufen? Selbstverst\u00e4ndlich k\u00f6nnen alle unsere Weine auch zum Mitnehmen erworben werden. Die [&hellip;]<\/p>\n","protected":false},"author":1,"featured_media":0,"parent":0,"menu_order":0,"comment_status":"closed","ping_status":"closed","template":"","meta":{"_acf_changed":false,"footnotes":""},"class_list":["post-20542","page","type-page","status-publish","hentry"],"acf":[],"_links":{"self":[{"href":"https:\/\/venica.it\/de\/wp-json\/wp\/v2\/pages\/20542","targetHints":{"allow":["GET"]}}],"collection":[{"href":"https:\/\/venica.it\/de\/wp-json\/wp\/v2\/pages"}],"about":[{"href":"https:\/\/venica.it\/de\/wp-json\/wp\/v2\/types\/page"}],"author":[{"embeddable":true,"href":"https:\/\/venica.it\/de\/wp-json\/wp\/v2\/users\/1"}],"replies":[{"embeddable":true,"href":"https:\/\/venica.it\/de\/wp-json\/wp\/v2\/comments?post=20542"}],"version-history":[{"count":7,"href":"https:\/\/venica.it\/de\/wp-json\/wp\/v2\/pages\/20542\/revisions"}],"predecessor-version":[{"id":27904,"href":"https:\/\/venica.it\/de\/wp-json\/wp\/v2\/pages\/20542\/revisions\/27904"}],"wp:attachment":[{"href":"https:\/\/venica.it\/de\/wp-json\/wp\/v2\/media?parent=20542"}],"curies":[{"name":"wp","href":"https:\/\/api.w.org\/{rel}","templated":true}]}}