{"id":20302,"date":"2022-04-01T09:55:22","date_gmt":"2022-04-01T09:55:22","guid":{"rendered":"https:\/\/venica.it\/certificazioni\/"},"modified":"2023-04-12T16:21:45","modified_gmt":"2023-04-12T14:21:45","slug":"zertifizierungen","status":"publish","type":"page","link":"https:\/\/venica.it\/de\/zertifizierungen\/","title":{"rendered":"Certificazioni"},"content":{"rendered":"<h1>Zertifizierungen<\/h1>\n<div>\n<p>    <img decoding=\"async\" src=\"\/wp-content\/uploads\/2022\/02\/VENICA-VENICA-_Wine-Resort-_Dolegna-del-Collio-_wine-FRIULANO-_RONCO-DELLE-CIME-in-cantina-_Photo-_1500x1000-_%C2%A9Carola-Nitsch.jpeg\" alt=\"\"><\/p>\n<\/div>\n<h2>Lieferanten-Zertifizierungen<\/h2>\n<div>\n<p>Die Sorge um die Umwelt beschr\u00e4nkt sich bei Venica nicht nur auf die Pflege des Weins, sondern erstreckt sich auf die gesamte Lieferkette.<\/p>\n<p>Auf dieser Seite ver\u00f6ffentlichen wir die wichtigsten Herstellerzertifizierungen, die zur Nachhaltigkeit jeder Venica&amp;Venica-Flasche beitragen.<\/p>\n<\/div>\n<h1>Glas<\/h1>\n<h2>Etruskische Glash\u00fctte<\/h2>\n<div>\n<p>Vetreria Etrusca ist ein italienisches Industrieunternehmen, das seit 100 Jahren in Italien hergestellte Glasbeh\u00e4lter herstellt. Die Herstellung von Glasflaschen und -gl\u00e4sern basiert auf innovativen und umweltfreundlichen Verfahren.<\/p>\n<p>Vetreria Etrusca ist nach ISO9001 (Qualit\u00e4t), ISO14001 (Umweltmanagement) und 45001 (Gesundheit und Sicherheit am Arbeitsplatz) zertifiziert. Au\u00dferdem werden die Flaschen st\u00e4ndig durch Analysen \u00fcberwacht, die ihre Eignung f\u00fcr die Aufnahme unserer kostbaren Weine best\u00e4tigen.\u00a0<\/p>\n<\/div>\n<ul>\n<li>\n<p>        <img decoding=\"async\" src=\"\/wp-content\/uploads\/2022\/04\/iso9001.jpg\" alt=\"iso9001\"><\/p>\n<p>ISO 9001:2015<\/p>\n<\/li>\n<li>\n<p>        <img decoding=\"async\" src=\"\/wp-content\/uploads\/2022\/04\/iso14001.jpg\" alt=\"iso14001\"><\/p>\n<p>ISO 14001:2015<\/p>\n<\/li>\n<li>\n<p>        <img decoding=\"async\" src=\"\/wp-content\/uploads\/2022\/04\/iso45001.jpg\" alt=\"ISO45001\"><\/p>\n<p>ISO 45001:2018<\/p>\n<\/li>\n<\/ul>\n<h1>Kapseln<\/h1>\n<h2>Mondial Capsule<\/h2>\n<div>\n<p>Mondial Capsule ist ein Unternehmen, das sich stark f\u00fcr die Verringerung seiner Umweltauswirkungen einsetzt, indem es sowohl in einen geringeren Verbrauch als auch in die Nutzung von Energie aus selbst erzeugten erneuerbaren Quellen investiert.<\/p>\n<\/div>\n<div>\n<p>    <img decoding=\"async\" src=\"\/wp-content\/uploads\/2022\/04\/capsule.jpg\" alt=\"certificazione capsule\"><\/p>\n<p>ISO 9001:2015<\/p>\n<\/div>\n<p><!--more--><br \/>\n<!-- {\"type\":\"layout\",\"children\":[{\"type\":\"section\",\"props\":{\"css\":\"\\n\",\"header_transparent\":\"light\",\"header_transparent_noplaceholder\":true,\"image\":\"wp-content\\\/uploads\\\/2022\\\/02\\\/Risorsa-7-2-copia-01.svg\",\"image_position\":\"center-center\",\"padding\":\"none\",\"style\":\"default\",\"title_breakpoint\":\"xl\",\"title_position\":\"top-left\",\"title_rotation\":\"left\",\"vertical_align\":\"middle\",\"width\":\"large\"},\"children\":[{\"type\":\"row\",\"children\":[{\"type\":\"column\",\"props\":{\"css\":\".el-column{\\n    min-height: 50vh!important;\\n    max-height: 51vh;\\n    margin-top: 10px!important;\\n    \\n}\\n.uk-position-cover, img, .uk-tile{\\n    border-radius: 0 0 2px 2px!important;\\n    box-shadow: 0px 0px 20px #1b1b1b20;\\n    \\n}\\n.uk-tile{\\n    border: solid 1px white;\\n}\\n\\n.uk-background-top-center {\\n    background-position: 50% 30%;\\n}\\n\\n@media (max-width:960px){\\n    .uk-tile.uk-width-1-1.uk-padding-remove.uk-flex.uk-flex-middle.uk-flex.uk-background-norepeat.uk-background-cover.uk-background-top-center{\\n        max-height: 30vh!important;\\n    }\\n    .el-column{\\n        min-height: 30vh!important;\\n    }\\n}\",\"image\":\"wp-content\\\/uploads\\\/2022\\\/02\\\/Collina_Green.jpg\",\"image_position\":\"top-center\",\"image_size\":\"cover\",\"media_overlay_gradient\":\"linear-gradient(180deg, rgba(27,27,27, 0.8) -20%, rgba(4,101,13,0) 100%);\",\"padding\":\"none\",\"position_sticky_breakpoint\":\"m\",\"style\":\"default\",\"text_color\":\"light\",\"vertical_align\":\"middle\"},\"children\":[{\"type\":\"headline\",\"props\":{\"content\":\"Zertifizierungen\",\"css\":\".el-element{\\n   text-shadow: 0px 0px 10px #1b1b1b50;\\n}\\n\\n@media (max-width: 960px){\\n    .el-element{\\n   \\t\\ttop: 0px!important;\\n    }\\n}\",\"position\":\"relative\",\"position_top\":\"50\",\"text_align\":\"center\",\"title_element\":\"h1\",\"title_font_family\":\"tertiary\",\"title_style\":\"heading-large\"}}]}],\"props\":{\"width\":\"large\"}}],\"modified\":\"2022-04-01T08:31:59.179Z\",\"name\":\"Img Header\"},{\"type\":\"section\",\"props\":{\"css\":\"\\n\\n.tm-grid-expand.uk-grid-margin.uk-grid:last-child{\\n    border: solid 1px #172b1c20;\\n    \\n    margin: auto;\\n}\",\"id\":\"uva\",\"image\":\"wp-content\\\/uploads\\\/2021\\\/12\\\/Risorsa-7-2.svg\",\"image_position\":\"center-center\",\"image_size\":\"contain\",\"media_blend_mode\":\"hue\",\"media_overlay\":\"rgba(255, 255, 255, 0.87)\",\"padding_remove_top\":false,\"style\":\"default\",\"title_breakpoint\":\"xl\",\"title_position\":\"top-left\",\"title_rotation\":\"left\",\"vertical_align\":\"middle\",\"width\":\"default\"},\"children\":[{\"type\":\"row\",\"props\":{\"layout\":\"1-2,1-2\"},\"children\":[{\"type\":\"column\",\"props\":{\"css\":\".el-column{\\n    padding: 30px;\\n}\",\"image_position\":\"center-center\",\"media_overlay_gradient\":\"\",\"position_sticky_breakpoint\":\"m\",\"vertical_align\":\"middle\",\"width_medium\":\"1-2\"},\"children\":[{\"path\":\"elements\",\"name\":\"Slideshow Animation Scale\",\"type\":\"slideshow\",\"props\":{\"id\":\"slideshow-animation-scale\",\"image_width\":\"1600\",\"link_style\":\"default\",\"link_text\":\"Read more\",\"margin\":\"default\",\"meta_align\":\"below-title\",\"meta_element\":\"div\",\"meta_margin\":\"small\",\"meta_style\":\"text-meta\",\"nav\":\"\",\"nav_align\":\"center\",\"nav_breakpoint\":\"s\",\"nav_position\":\"bottom-center\",\"nav_position_margin\":\"medium\",\"overlay_animation\":\"parallax\",\"overlay_position\":\"bottom-center\",\"show_content\":true,\"show_link\":true,\"show_meta\":true,\"show_thumbnail\":true,\"show_title\":true,\"slidenav\":\"default\",\"slidenav_breakpoint\":\"s\",\"slidenav_hover\":true,\"slidenav_margin\":\"medium\",\"slidenav_outside_breakpoint\":\"xl\",\"slideshow_animation\":\"\",\"slideshow_autoplay\":true,\"slideshow_autoplay_interval\":\"10\",\"slideshow_autoplay_pause\":true,\"slideshow_box_decoration\":\"\",\"slideshow_box_decoration_inverse\":false,\"slideshow_box_shadow\":\"\",\"slideshow_kenburns\":\"center-center\",\"slideshow_kenburns_duration\":\"30\",\"slideshow_min_height\":\"\",\"slideshow_ratio\":\"16:10\",\"text_align\":\"center\",\"text_color\":\"light\",\"thumbnav_height\":\"75\",\"thumbnav_svg_color\":\"emphasis\",\"thumbnav_width\":\"100\",\"title_element\":\"h3\"},\"children\":[{\"type\":\"slideshow_item\",\"props\":{\"image\":\"wp-content\\\/uploads\\\/2022\\\/02\\\/VENICA-VENICA-_Wine-Resort-_Dolegna-del-Collio-_wine-FRIULANO-_RONCO-DELLE-CIME-in-cantina-_Photo-_1500x1000-_\\u00a9Carola-Nitsch.jpeg\",\"meta\":\"\",\"title\":\"\"}}],\"meta\":{\"type\":\"slideshow\",\"website\":\"elements\",\"image\":\"https:\\\/\\\/downloads-yootheme.storage.googleapis.com\\\/library\\\/elements\\\/elements\\\/slideshow-animation-scale.jpg\"},\"images\":[{\"src\":\"wp-content\\\/themes\\\/yootheme\\\/vendor\\\/yootheme\\\/theme\\\/assets\\\/images\\\/element-image-placeholder.png\",\"md5\":\"ac4f0144cca7f8636b17459e8c224f44\"},{\"src\":\"wp-content\\\/themes\\\/yootheme\\\/vendor\\\/yootheme\\\/theme\\\/assets\\\/images\\\/element-image-placeholder.png\",\"md5\":\"d7ddd35bd06ca7f09ded698e6dd30da9\"}]}]},{\"type\":\"column\",\"props\":{\"image\":\"wp-content\\\/uploads\\\/2021\\\/12\\\/Venica_Motivo_4_line_ok_2-01.svg\",\"image_position\":\"center-center\",\"image_size\":\"cover\",\"media_background\":\"#00540E\",\"media_blend_mode\":\"luminosity\",\"media_overlay\":\"rgba(255, 255, 255, 0.93)\",\"media_overlay_gradient\":\"\",\"position_sticky_breakpoint\":\"m\",\"vertical_align\":\"middle\",\"width_medium\":\"1-2\"},\"children\":[{\"type\":\"headline\",\"props\":{\"content\":\"Lieferanten-Zertifizierungen\",\"css\":\".el-element{\\n    color: #1b1b1b90;\\n    font-weight: 200!important;\\n}\",\"margin\":\"large\",\"margin_remove_bottom\":true,\"margin_remove_top\":false,\"title_element\":\"h2\",\"title_font_family\":\"primary\",\"title_style\":\"heading-small\"}},{\"type\":\"text\",\"props\":{\"column_breakpoint\":\"m\",\"content\":\"\n\n<p>Die Sorge um die Umwelt beschr\\u00e4nkt sich bei Venica nicht nur auf die Pflege des Weins, sondern erstreckt sich auf die gesamte Lieferkette.<\\\/p>\\n\n\n<p>Auf dieser Seite ver\\u00f6ffentlichen wir die wichtigsten Herstellerzertifizierungen, die zur Nachhaltigkeit jeder Venica&amp;Venica-Flasche beitragen.<\\\/p>\",\"margin\":\"default\",\"text_style\":\"meta\"}}]}]}],\"modified\":\"2022-04-01T10:02:40.624Z\",\"name\":\"box verde\"},{\"type\":\"section\",\"props\":{\"image_position\":\"center-center\",\"padding_remove_top\":true,\"style\":\"default\",\"title_breakpoint\":\"xl\",\"title_position\":\"top-left\",\"title_rotation\":\"left\",\"vertical_align\":\"middle\",\"width\":\"\",\"width_expand\":\"right\"},\"children\":[{\"type\":\"row\",\"props\":{\"class\":\"\",\"layout\":\"2-5,3-5\",\"padding_remove_horizontal\":true,\"width\":\"xlarge\",\"width_expand\":\"left\"},\"children\":[{\"type\":\"column\",\"props\":{\"css\":\".el-column{\\n    box-shadow: -15px -15px 20px rgb(255 255 255 \\\/ 80%), 5px 5px 30px rgb(50 50 50 \\\/ 10%);\\n}\",\"image\":\"wp-content\\\/uploads\\\/2021\\\/12\\\/Venica_Motivo_4_line_ok_2-01.svg\",\"image_position\":\"center-center\",\"image_size\":\"cover\",\"media_background\":\"rgba(238, 184, 184, 0.92)\",\"media_blend_mode\":\"luminosity\",\"media_overlay\":\"rgba(255, 255, 255, 0.91)\",\"media_overlay_gradient\":\"\",\"position_sticky_breakpoint\":\"m\",\"vertical_align\":\"middle\",\"width_medium\":\"2-5\"},\"children\":[{\"type\":\"headline\",\"props\":{\"content\":\"Glas\",\"margin_remove_bottom\":true,\"text_align\":\"right\",\"text_align_breakpoint\":\"s\",\"text_align_fallback\":\"left\",\"title_element\":\"h1\",\"title_font_family\":\"tertiary\",\"title_style\":\"heading-medium\"}},{\"type\":\"headline\",\"props\":{\"content\":\"Etruskische Glash\\u00fctte\",\"margin_remove_top\":true,\"text_align\":\"right\",\"text_align_breakpoint\":\"s\",\"text_align_fallback\":\"left\",\"title_element\":\"h2\",\"title_font_family\":\"secondary\",\"title_style\":\"h2\"}},{\"type\":\"text\",\"props\":{\"column_breakpoint\":\"m\",\"content\":\"\n\n<p>Vetreria Etrusca ist ein italienisches Industrieunternehmen, das seit 100 Jahren in Italien hergestellte Glasbeh\\u00e4lter herstellt. Die Herstellung von Glasflaschen und -gl\\u00e4sern basiert auf innovativen und umweltfreundlichen Verfahren.<\\\/p>\\n\n\n<p>Vetreria Etrusca ist nach ISO9001 (Qualit\\u00e4t), ISO14001 (Umweltmanagement) und 45001 (Gesundheit und Sicherheit am Arbeitsplatz) zertifiziert. Au\\u00dferdem werden die Flaschen st\\u00e4ndig durch Analysen \\u00fcberwacht, die ihre Eignung f\\u00fcr die Aufnahme unserer kostbaren Weine best\\u00e4tigen.\\u00a0<\\\/p>\",\"margin\":\"default\",\"text_align\":\"right\",\"text_align_breakpoint\":\"s\",\"text_align_fallback\":\"left\"}}]},{\"type\":\"column\",\"props\":{\"css\":\".uk-slideshow{\\n    padding: 20px;\\n    border: solid 10px #A6840830;\\n}\\n\\n\\n\",\"image_position\":\"center-center\",\"media_overlay_gradient\":\"\",\"order_first\":\"\",\"position_sticky_breakpoint\":\"m\",\"vertical_align\":\"middle\",\"width_medium\":\"3-5\"},\"children\":[{\"path\":\"elements\",\"name\":\"Grid Gaps None\",\"type\":\"grid\",\"props\":{\"content_column_breakpoint\":\"m\",\"content_margin\":\"small\",\"css\":\".el-image{\\n    padding: 5px;\\n    border: solid 1px #AC7E1350;\\n}\\n\\n.el-title{\\n    font-weight: 600;\\n}\\n\\n@media(max-width:960px){\\n    .el-element{\\n        max-width: 90%;\\n        margin: auto;\\n    }\\n}\",\"filter_align\":\"left\",\"filter_all\":true,\"filter_grid_breakpoint\":\"m\",\"filter_grid_width\":\"auto\",\"filter_position\":\"top\",\"filter_style\":\"tab\",\"grid_column_gap\":\"small\",\"grid_default\":\"1\",\"grid_medium\":\"\",\"grid_row_gap\":\"small\",\"grid_small\":\"3\",\"icon_width\":80,\"image_align\":\"top\",\"image_grid_breakpoint\":\"m\",\"image_grid_width\":\"1-2\",\"image_height\":\"610\",\"image_svg_color\":\"emphasis\",\"image_transition\":\"scale-up\",\"item_animation\":true,\"link_margin\":\"medium\",\"link_style\":\"text\",\"link_text\":\"Scarica il pdf\",\"margin\":\"default\",\"meta_align\":\"above-title\",\"meta_element\":\"div\",\"meta_margin\":\"small\",\"meta_style\":\"text-meta\",\"panel_link\":true,\"panel_padding\":\"small\",\"parallax_easing\":\"1\",\"show_content\":true,\"show_image\":true,\"show_link\":true,\"show_meta\":true,\"show_title\":true,\"title_align\":\"top\",\"title_element\":\"h3\",\"title_font_family\":\"tertiary\",\"title_grid_breakpoint\":\"m\",\"title_grid_width\":\"1-2\",\"title_hover_style\":\"reset\",\"title_margin\":\"small\",\"title_style\":\"h2\"},\"children\":[{\"type\":\"grid_item\",\"props\":{\"content\":\"\",\"image\":\"wp-content\\\/uploads\\\/2022\\\/04\\\/iso9001.jpg\",\"image_alt\":\"iso9001\",\"link\":\"\",\"link_text\":\"\",\"meta\":\"ISO 9001:2015\",\"source\":\"\",\"title\":\"\"}},{\"type\":\"grid_item\",\"props\":{\"image\":\"wp-content\\\/uploads\\\/2022\\\/04\\\/iso14001.jpg\",\"image_alt\":\"iso14001\",\"meta\":\"ISO 14001:2015\",\"title\":\"\"}},{\"type\":\"grid_item\",\"props\":{\"image\":\"wp-content\\\/uploads\\\/2022\\\/04\\\/iso45001.jpg\",\"image_alt\":\"ISO45001\",\"meta\":\"ISO 45001:2018\"}}],\"meta\":{\"type\":\"grid\",\"website\":\"elements\",\"image\":\"https:\\\/\\\/downloads-yootheme.storage.googleapis.com\\\/library\\\/elements\\\/elements\\\/grid-gaps-none.jpg\"},\"images\":[{\"src\":\"wp-content\\\/uploads\\\/grid-gaps-none-01.jpg\",\"md5\":\"87ecec9cbdb21a1150747f578f0cbc8d\"},{\"src\":\"wp-content\\\/uploads\\\/grid-gaps-none-02.jpg\",\"md5\":\"19b516f06b2295f1fad76b08fd6e2d58\"},{\"src\":\"wp-content\\\/uploads\\\/grid-gaps-none-03.jpg\",\"md5\":\"102fbc5ba8ad838d96711aa5b9ce617d\"},{\"src\":\"wp-content\\\/uploads\\\/grid-gaps-none-04.jpg\",\"md5\":\"6adf5e199d28e076f26df68d17ce7d6f\"},{\"src\":\"wp-content\\\/uploads\\\/grid-gaps-none-05.jpg\",\"md5\":\"946c19643710485992aced229b7c1f5b\"},{\"src\":\"wp-content\\\/uploads\\\/grid-gaps-none-06.jpg\",\"md5\":\"494aceccabd0f7113e32b61c35182857\"}]}]}]}],\"modified\":\"2022-04-01T10:36:04.655Z\",\"name\":\"box marroncino\"},{\"type\":\"section\",\"props\":{\"image_position\":\"center-center\",\"padding_remove_top\":true,\"style\":\"default\",\"title_breakpoint\":\"xl\",\"title_position\":\"top-left\",\"title_rotation\":\"left\",\"vertical_align\":\"middle\",\"width\":\"\",\"width_expand\":\"right\"},\"children\":[{\"type\":\"row\",\"props\":{\"class\":\"\",\"layout\":\"2-5,3-5\",\"padding_remove_horizontal\":true,\"width\":\"xlarge\",\"width_expand\":\"left\"},\"children\":[{\"type\":\"column\",\"props\":{\"css\":\".el-column{\\n    box-shadow: -15px -15px 20px rgb(255 255 255 \\\/ 80%), 5px 5px 30px rgb(50 50 50 \\\/ 10%);\\n}\",\"image\":\"wp-content\\\/uploads\\\/2021\\\/12\\\/Venica_Motivo_4_line_ok_2-01.svg\",\"image_position\":\"center-center\",\"image_size\":\"cover\",\"media_background\":\"rgba(238, 184, 184, 0.92)\",\"media_blend_mode\":\"luminosity\",\"media_overlay\":\"rgba(255, 255, 255, 0.91)\",\"media_overlay_gradient\":\"\",\"position_sticky_breakpoint\":\"m\",\"vertical_align\":\"middle\",\"width_medium\":\"2-5\"},\"children\":[{\"type\":\"headline\",\"props\":{\"content\":\"Kapseln\",\"margin_remove_bottom\":true,\"text_align\":\"right\",\"text_align_breakpoint\":\"s\",\"text_align_fallback\":\"left\",\"title_element\":\"h1\",\"title_font_family\":\"tertiary\",\"title_style\":\"heading-medium\"}},{\"type\":\"headline\",\"props\":{\"content\":\"Mondial Capsule\",\"margin_remove_top\":true,\"text_align\":\"right\",\"text_align_breakpoint\":\"s\",\"text_align_fallback\":\"left\",\"title_element\":\"h2\",\"title_font_family\":\"secondary\",\"title_style\":\"h2\"}},{\"type\":\"text\",\"props\":{\"column_breakpoint\":\"m\",\"content\":\"\n\n<p>Mondial Capsule ist ein Unternehmen, das sich stark f\\u00fcr die Verringerung seiner Umweltauswirkungen einsetzt, indem es sowohl in einen geringeren Verbrauch als auch in die Nutzung von Energie aus selbst erzeugten erneuerbaren Quellen investiert.<\\\/p>\",\"margin\":\"default\",\"text_align\":\"right\",\"text_align_breakpoint\":\"s\",\"text_align_fallback\":\"left\"}}]},{\"type\":\"column\",\"props\":{\"css\":\".uk-slideshow{\\n    padding: 20px;\\n    border: solid 10px #A6840830;\\n}\\n\\n\\n\",\"image_position\":\"center-center\",\"media_overlay_gradient\":\"\",\"order_first\":\"\",\"position_sticky_breakpoint\":\"m\",\"vertical_align\":\"middle\",\"width_medium\":\"3-5\"},\"children\":[{\"path\":\"elements\",\"name\":\"Grid Gaps None\",\"type\":\"grid\",\"props\":{\"content_column_breakpoint\":\"m\",\"content_margin\":\"small\",\"css\":\".el-image{\\n    padding: 5px;\\n    border: solid 1px #AC7E1350;\\n}\\n\\n.el-title{\\n    font-weight: 600;\\n}\\n\\n@media(max-width:960px){\\n    .el-element{\\n        max-width: 90%;\\n        margin: auto;\\n    }\\n}\",\"filter_align\":\"left\",\"filter_all\":true,\"filter_grid_breakpoint\":\"m\",\"filter_grid_width\":\"auto\",\"filter_position\":\"top\",\"filter_style\":\"tab\",\"grid_column_gap\":\"small\",\"grid_default\":\"1\",\"grid_medium\":\"3\",\"grid_row_gap\":\"small\",\"grid_small\":\"2\",\"grid_xlarge\":\"4\",\"icon_width\":80,\"image_align\":\"top\",\"image_grid_breakpoint\":\"m\",\"image_grid_width\":\"1-2\",\"image_height\":\"610\",\"image_svg_color\":\"emphasis\",\"image_transition\":\"scale-up\",\"item_animation\":true,\"link_margin\":\"medium\",\"link_style\":\"text\",\"link_text\":\"Scarica il pdf\",\"margin\":\"default\",\"meta_align\":\"above-title\",\"meta_element\":\"div\",\"meta_margin\":\"small\",\"meta_style\":\"text-meta\",\"panel_link\":true,\"panel_padding\":\"small\",\"parallax_easing\":\"1\",\"show_content\":true,\"show_image\":true,\"show_link\":true,\"show_meta\":true,\"show_title\":true,\"title_align\":\"top\",\"title_element\":\"h3\",\"title_font_family\":\"tertiary\",\"title_grid_breakpoint\":\"m\",\"title_grid_width\":\"1-2\",\"title_hover_style\":\"reset\",\"title_margin\":\"small\",\"title_style\":\"h2\"},\"children\":[{\"type\":\"grid_item\",\"props\":{\"content\":\"\",\"image\":\"wp-content\\\/uploads\\\/2022\\\/04\\\/capsule.jpg\",\"image_alt\":\"certificazione capsule\",\"link\":\"\",\"link_text\":\"\",\"meta\":\"ISO 9001:2015\",\"source\":\"\",\"title\":\"\"}}],\"meta\":{\"type\":\"grid\",\"website\":\"elements\",\"image\":\"https:\\\/\\\/downloads-yootheme.storage.googleapis.com\\\/library\\\/elements\\\/elements\\\/grid-gaps-none.jpg\"},\"images\":[{\"src\":\"wp-content\\\/uploads\\\/grid-gaps-none-01.jpg\",\"md5\":\"87ecec9cbdb21a1150747f578f0cbc8d\"},{\"src\":\"wp-content\\\/uploads\\\/grid-gaps-none-02.jpg\",\"md5\":\"19b516f06b2295f1fad76b08fd6e2d58\"},{\"src\":\"wp-content\\\/uploads\\\/grid-gaps-none-03.jpg\",\"md5\":\"102fbc5ba8ad838d96711aa5b9ce617d\"},{\"src\":\"wp-content\\\/uploads\\\/grid-gaps-none-04.jpg\",\"md5\":\"6adf5e199d28e076f26df68d17ce7d6f\"},{\"src\":\"wp-content\\\/uploads\\\/grid-gaps-none-05.jpg\",\"md5\":\"946c19643710485992aced229b7c1f5b\"},{\"src\":\"wp-content\\\/uploads\\\/grid-gaps-none-06.jpg\",\"md5\":\"494aceccabd0f7113e32b61c35182857\"}]}]}]}],\"modified\":\"2022-04-01T10:36:04.655Z\",\"name\":\"box marroncino\"}],\"version\":\"3.0.28\",\"yooessentialsVersion\":\"1.9.8\"} --><\/p>\n","protected":false},"excerpt":{"rendered":"<p>Zertifizierungen Lieferanten-Zertifizierungen Die Sorge um die Umwelt beschr\u00e4nkt sich bei Venica nicht nur auf die Pflege des Weins, sondern erstreckt sich auf die gesamte Lieferkette. Auf dieser Seite ver\u00f6ffentlichen wir die wichtigsten Herstellerzertifizierungen, die zur Nachhaltigkeit jeder Venica&amp;Venica-Flasche beitragen. Glas Etruskische Glash\u00fctte Vetreria Etrusca ist ein italienisches Industrieunternehmen, das seit 100 Jahren in Italien hergestellte [&hellip;]<\/p>\n","protected":false},"author":1,"featured_media":0,"parent":0,"menu_order":0,"comment_status":"closed","ping_status":"closed","template":"","meta":{"_acf_changed":false,"footnotes":""},"class_list":["post-20302","page","type-page","status-publish","hentry"],"acf":[],"_links":{"self":[{"href":"https:\/\/venica.it\/de\/wp-json\/wp\/v2\/pages\/20302","targetHints":{"allow":["GET"]}}],"collection":[{"href":"https:\/\/venica.it\/de\/wp-json\/wp\/v2\/pages"}],"about":[{"href":"https:\/\/venica.it\/de\/wp-json\/wp\/v2\/types\/page"}],"author":[{"embeddable":true,"href":"https:\/\/venica.it\/de\/wp-json\/wp\/v2\/users\/1"}],"replies":[{"embeddable":true,"href":"https:\/\/venica.it\/de\/wp-json\/wp\/v2\/comments?post=20302"}],"version-history":[{"count":4,"href":"https:\/\/venica.it\/de\/wp-json\/wp\/v2\/pages\/20302\/revisions"}],"predecessor-version":[{"id":24843,"href":"https:\/\/venica.it\/de\/wp-json\/wp\/v2\/pages\/20302\/revisions\/24843"}],"wp:attachment":[{"href":"https:\/\/venica.it\/de\/wp-json\/wp\/v2\/media?parent=20302"}],"curies":[{"name":"wp","href":"https:\/\/api.w.org\/{rel}","templated":true}]}}