{"id":20295,"date":"2022-01-07T08:42:55","date_gmt":"2022-01-07T08:42:55","guid":{"rendered":"https:\/\/venica.it\/negozi\/"},"modified":"2022-08-29T10:05:18","modified_gmt":"2022-08-29T08:05:18","slug":"geschaefte","status":"publish","type":"page","link":"https:\/\/venica.it\/de\/geschaefte\/","title":{"rendered":"Negozi"},"content":{"rendered":"<div>\n<hr>\n<hr>\n<hr>\n<hr>\n<\/div>\n<h1>Venica-Weine finden Sie in den besten Weinhandlungen und Gesch\u00e4ften Italiens.<\/h1>\n<div>\n<div><span style=\"font-size: medium;\">Auf dieser Seite finden Sie eine Liste unserer italienischen Verkaufsstellen sowie unserer weltweiten Partner, wobei wir sehr um Vollst\u00e4ndigkeit und Genauigkeit bem\u00fcht sind.<\/span><\/div>\n<div><span style=\"font-size: medium;\">\u00a0<\/span><\/div>\n<div><span style=\"font-size: medium;\">Falls Sie Inhaber eines Weinladens und nicht bzw. unvollst\u00e4ndig in der Liste aufgef\u00fchrt sind, m\u00f6chten wir Sie umgehend bitten, uns dieses per E-Mail an\u00a0<a href=\"mailto:info@venica.it\" target=\"_blank\" rel=\"noopener\">info@venica.it<\/a>\u00a0mitzuteilen. Wir werden ihre Kontaktdaten dann schnellstm\u00f6glich hinzuf\u00fcgen oder ihre Angaben korrigieren.\u00a0<\/span><\/div>\n<\/div>\n<p><!--more--><br \/>\n<!-- {\"name\":\"ENOTECHE E NEGOZI\",\"type\":\"layout\",\"children\":[{\"type\":\"section\",\"props\":{\"style\":\"default\",\"width\":\"\",\"vertical_align\":\"middle\",\"title_position\":\"top-left\",\"title_rotation\":\"left\",\"title_breakpoint\":\"xl\",\"image_position\":\"center-center\",\"padding_remove_top\":true,\"padding_remove_bottom\":true},\"children\":[{\"type\":\"row\",\"children\":[{\"type\":\"column\",\"props\":{\"position_sticky_breakpoint\":\"m\",\"image_position\":\"center-center\",\"media_overlay_gradient\":\"\"},\"children\":[{\"type\":\"html\",\"props\":{\"content\":\"\n\n<hr>\n\n\\n\n\n<hr>\n\n\\n\n\n<hr>\n\n\\n\n\n<hr>\n\n\",\"css\":\"hr{\\n    background-color: #A87E0D40;\\n    height: 1px;\\n    margin-bottom: -15px!important;\\n}\"}}]}]}],\"name\":\"4_righe_Header\"},{\"type\":\"section\",\"props\":{\"style\":\"default\",\"width\":\"large\",\"vertical_align\":\"middle\",\"title_position\":\"top-left\",\"title_rotation\":\"left\",\"title_breakpoint\":\"xl\",\"image_position\":\"center-center\",\"padding_remove_top\":false,\"padding_remove_bottom\":false,\"padding\":\"xsmall\",\"css\":\"\\n.uk-hidden\\\\@m.tm-grid-expand.uk-grid, .uk-hidden\\\\@s.tm-grid-expand.uk-grid{\\n    margin: auto!important;\\n}\\n\\n\\n    .el-section{\\n        position: relative;\\n    margin-top: 2vh;\\n        z-index: 10;\\n}\"},\"children\":[{\"type\":\"row\",\"props\":{\"width\":\"large\",\"padding_remove_horizontal\":false,\"class\":\"\",\"margin_remove_top\":false},\"children\":[{\"type\":\"column\",\"props\":{\"position_sticky_breakpoint\":\"m\",\"image_position\":\"center-center\",\"media_overlay_gradient\":\"\",\"width_medium\":\"\",\"image\":\"wp-content\\\/uploads\\\/2021\\\/12\\\/Venica_Motivo_4_line_ok_2-01.svg\",\"image_size\":\"cover\",\"media_background\":\"#968A00\",\"media_blend_mode\":\"luminosity\",\"media_overlay\":\"rgba(255, 255, 255, 0.94)\",\"css\":\".el-column{\\n    width:55%;\\n    padding: 0px;\\n    margin: auto;\\n    \\n    margin-left:30px;\\n}\\n.uk-position-cover{\\n    border: solid 1px white;\\n    box-shadow: -15px -15px 20px rgb(255 255 255 \\\/ 80%), 5px 5px 30px rgb(50 50 50 \\\/ 20%);\\n}\\n\\n@media(max-width:900px){\\n    .el-column{\\n        margin-top: 50px;\\n    }\\n}\",\"padding\":\"small\"},\"children\":[{\"type\":\"headline\",\"props\":{\"title_element\":\"h1\",\"content\":\"Venica-Weine finden Sie in den besten Weinhandlungen und Gesch\\u00e4ften Italiens.\",\"title_style\":\"heading-medium\",\"title_font_family\":\"tertiary\",\"text_align\":\"center\"}},{\"type\":\"text\",\"props\":{\"margin\":\"default\",\"column_breakpoint\":\"m\",\"content\":\"\n\n<div><span style=\\\"font-size: medium;\\\">Auf dieser Seite finden Sie eine Liste unserer italienischen Verkaufsstellen sowie unserer weltweiten Partner, wobei wir sehr um Vollst\\u00e4ndigkeit und Genauigkeit bem\\u00fcht sind.<\\\/span><\\\/div>\\n\n\n<div><span style=\\\"font-size: medium;\\\">\\u00a0<\\\/span><\\\/div>\\n\n\n<div><span style=\\\"font-size: medium;\\\">Falls Sie Inhaber eines Weinladens und nicht bzw. unvollst\\u00e4ndig in der Liste aufgef\\u00fchrt sind, m\\u00f6chten wir Sie umgehend bitten, uns dieses per E-Mail an\\u00a0<a href=\\\"mailto:info@venica.it\\\" target=\\\"_blank\\\" rel=\\\"noopener\\\">info@venica.it<\\\/a>\\u00a0mitzuteilen. Wir werden ihre Kontaktdaten dann schnellstm\\u00f6glich hinzuf\\u00fcgen oder ihre Angaben korrigieren.\\u00a0<\\\/span><\\\/div>\",\"text_align\":\"center\"}}]}]}],\"name\":\"Camere_Testo_ok\"},{\"type\":\"section\",\"props\":{\"style\":\"muted\",\"width\":\"default\",\"vertical_align\":\"middle\",\"title_position\":\"top-left\",\"title_rotation\":\"left\",\"title_breakpoint\":\"xl\",\"image_position\":\"center-center\",\"image\":\"wp-content\\\/uploads\\\/2021\\\/12\\\/Risorsa-7-2.svg\",\"media_overlay\":\"rgba(255, 255, 255, 0.84)\",\"media_blend_mode\":\"luminosity\",\"css\":\"\\n.el-section{\\n     position: relative;\\n        z-index: 1;\\n}\",\"status\":\"disabled\"},\"children\":[{\"type\":\"row\",\"children\":[{\"type\":\"column\",\"props\":{\"position_sticky_breakpoint\":\"m\",\"image_position\":\"center-center\",\"media_overlay_gradient\":\"\"},\"children\":[{\"type\":\"html\",\"props\":{\"content\":\"[ASL_STORELOCATOR]\",\"css\":\"#asl-storelocator .sl-container{\\n      background: rgba(255, 255, 255, 0)!important;\\n    box-shadow: -15px -15px 20px rgb(255 255 255 \\\/ 80%), 15px 15px 20px rgb(57 65 124 \\\/ 14%);\\n    border: solid 1px white;\\n    backdrop-filter: blur( 5px )!important;\\n}\\n\\n#asl-storelocator li, .asl-panel-inner, ul, .asl-panel.pol-md-5.pol-lg-4.asl_locator-panel, .sl-main-cont-box{\\n    background-color: transparent!important;\\n    backdrop-filter: blur( 1px )!important;\\n}\\n\\n#asl-storelocator a.btn.btn-asl.s-direction{\\n    font-weight: 400;\\n    color: #a87e08;\\n    background-color: transparent;\\n   border: solid 1px #a87e08;\\n    transition: all .2s ease;\\n    border-radius: 0px;\\n}\\n\\n#asl-storelocator a.btn.btn-asl.s-direction:hover{\\n    background: rgba( 255, 255, 255, 0.6 );\\n\\\/*box-shadow: 0 8px 32px 0 rgba( 31, 38, 135, 0.17 );*\\\/\\n    box-shadow: 0 2px 7px 0 rgba( 27, 27, 27, 0.20);\\nbackdrop-filter: blur( 20px )!important;\\nborder-radius: 20px;\\nborder: 1px solid rgba( 255, 255, 255, 1 );\\n     transition: all .2s ease;\\n}\\n\\n#asl-storelocator a.btn.btn-asl.s-direction:active{\\n    opacity: 0.7;\\n   box-shadow: 0 1px 3px 0 rgba( 27, 27, 27, 0.25);\\n    transition: all .09s linear;\\n}\"}}]}]}]}],\"version\":\"2.7.22\",\"yooessentialsVersion\":\"1.7.6\"} --><\/p>\n","protected":false},"excerpt":{"rendered":"<p>Venica-Weine finden Sie in den besten Weinhandlungen und Gesch\u00e4ften Italiens. Auf dieser Seite finden Sie eine Liste unserer italienischen Verkaufsstellen sowie unserer weltweiten Partner, wobei wir sehr um Vollst\u00e4ndigkeit und Genauigkeit bem\u00fcht sind. \u00a0 Falls Sie Inhaber eines Weinladens und nicht bzw. unvollst\u00e4ndig in der Liste aufgef\u00fchrt sind, m\u00f6chten wir Sie umgehend bitten, uns dieses [&hellip;]<\/p>\n","protected":false},"author":1,"featured_media":0,"parent":0,"menu_order":0,"comment_status":"closed","ping_status":"closed","template":"","meta":{"_acf_changed":false,"footnotes":""},"class_list":["post-20295","page","type-page","status-publish","hentry"],"acf":[],"_links":{"self":[{"href":"https:\/\/venica.it\/de\/wp-json\/wp\/v2\/pages\/20295","targetHints":{"allow":["GET"]}}],"collection":[{"href":"https:\/\/venica.it\/de\/wp-json\/wp\/v2\/pages"}],"about":[{"href":"https:\/\/venica.it\/de\/wp-json\/wp\/v2\/types\/page"}],"author":[{"embeddable":true,"href":"https:\/\/venica.it\/de\/wp-json\/wp\/v2\/users\/1"}],"replies":[{"embeddable":true,"href":"https:\/\/venica.it\/de\/wp-json\/wp\/v2\/comments?post=20295"}],"version-history":[{"count":4,"href":"https:\/\/venica.it\/de\/wp-json\/wp\/v2\/pages\/20295\/revisions"}],"predecessor-version":[{"id":23198,"href":"https:\/\/venica.it\/de\/wp-json\/wp\/v2\/pages\/20295\/revisions\/23198"}],"wp:attachment":[{"href":"https:\/\/venica.it\/de\/wp-json\/wp\/v2\/media?parent=20295"}],"curies":[{"name":"wp","href":"https:\/\/api.w.org\/{rel}","templated":true}]}}